{"id":1724,"date":"2018-10-07T16:03:10","date_gmt":"2018-10-07T14:03:10","guid":{"rendered":"http:\/\/atelier-terredesienne.fr\/?page_id=1724"},"modified":"2025-10-13T13:47:59","modified_gmt":"2025-10-13T11:47:59","slug":"cv-artistique","status":"publish","type":"page","link":"https:\/\/atelier-terredesienne.fr\/index.php\/cv-artistique\/","title":{"rendered":"CV artistique"},"content":{"rendered":"<p><em><strong><span style=\"font-size: 12pt;\"><span style=\"color: #99cc00;\">Depuis le 01 octobre 2017 : <\/span><\/span>Ouverture de l\u2019atelier-galerie\u00a0 \u00ab Terre de Sienne \u00bb<\/strong><\/em><\/p>\n<p><span style=\"color: #99cc00;\"><strong>Septembre 2025<\/strong><\/span><\/p>\n<ul>\n<li>Exposition Festival \u00ab\u00a0Couleurs d&rsquo;Automne\u00a0\u00bb Orl\u00e9at 63<\/li>\n<\/ul>\n<p><span style=\"color: #99cc00;\"><strong>Janvier 2025<\/strong><\/span><\/p>\n<ul>\n<li>Exposition Maison de Mandrin 43 Brioude &#8211; Dans le cadre des ExtraBiennales organis\u00e9 par le festival d&rsquo;aquarelle de Brioude.<\/li>\n<\/ul>\n<p><span style=\"color: #99cc00;\"><strong>Octobre 2024<\/strong><\/span><\/p>\n<ul>\n<li>Formation peintures naturelles et \u00e9cologiques &#8211; Elise Orier<\/li>\n<\/ul>\n<p><span style=\"color: #99cc00;\"><strong>Juin 2024 :<\/strong><\/span><\/p>\n<ul>\n<li>Exposition l&rsquo;Atelier des Portes du Sud &#8211; Issoire &#8211;<\/li>\n<\/ul>\n<p><span style=\"color: #99cc00;\"><strong>Mai 2024 :<\/strong><\/span><\/p>\n<ul>\n<li>Les Arts en Balade &#8211; Clermont-Ferrand &#8211;<\/li>\n<\/ul>\n<p><span style=\"color: #99cc00;\"><strong>Avril 2024 :<\/strong><\/span><\/p>\n<ul>\n<li>Journ\u00e9es Europ\u00e9ennes des M\u00e9tiers d&rsquo;Art &#8211; Exposition collective &#8211; Atelier Terre de Sienne &#8211; Langeac<\/li>\n<\/ul>\n<p><span style=\"color: #99cc00;\"><strong>Juillet 2023 :<\/strong><\/span><\/p>\n<ul>\n<li>Exposition Escandilha\u00a0 -Brioude-<\/li>\n<\/ul>\n<p><span style=\"color: #99cc00;\"><strong>Juin 2023 :<\/strong><\/span><\/p>\n<ul>\n<li>Exposition Espace culturel \u00ab\u00a0La Coccinelle\u00a0\u00bb -All\u00e8gre-<\/li>\n<\/ul>\n<p><span style=\"color: #99cc00;\"><strong>Mai 2023 :<\/strong><\/span><\/p>\n<ul>\n<li>Exposition Les Arts en Balade -Clermont-Ferrand-<\/li>\n<\/ul>\n<p><span style=\"color: #99cc00;\"><strong>Avril 2023 :<\/strong><\/span><\/p>\n<ul>\n<li>Expo-D\u00e9mo, Journ\u00e9es Europ\u00e9ennes des M\u00e9tiers d&rsquo;Art -Chilhac-<\/li>\n<\/ul>\n<p><span style=\"color: #99cc00;\"><strong>Septembre 2022 :<\/strong><\/span><\/p>\n<ul>\n<li>Formation peinture encaustique -Sophie Van Moffaert-<\/li>\n<\/ul>\n<p><span style=\"color: #99cc00;\"><strong>Juillet- Ao\u00fbt 2022 :<\/strong><\/span><\/p>\n<ul>\n<li>Exposition M\u00e9diath\u00e8que -Issoire-<\/li>\n<\/ul>\n<p><span style=\"color: #99cc00;\"><strong>Mai 2022 :<br \/>\n<\/strong><\/span><\/p>\n<ul>\n<li>Exposition Galerie Maison de Mandrin -Brioude-<\/li>\n<\/ul>\n<p><span style=\"color: #99cc00;\"><strong>Janvier-F\u00e9vrier 2022 :<\/strong><\/span><\/p>\n<ul>\n<li>Exposition Atelier du 8 -Le Puy en Velay-<\/li>\n<\/ul>\n<p><span style=\"color: #99cc00;\"><strong>Juillet 2021 :<\/strong><\/span><\/p>\n<ul>\n<li>Exposition \u00ab\u00a0Cave de l&rsquo;Echo\u00a0\u00bb avec Jocelyne Saez Simbola, c\u00e9ramiste -La Chaise Dieu-<\/li>\n<li>Exposition collective \u00e0 \u00ab\u00a0La Sorga\u00a0\u00bb -Blesle-<\/li>\n<\/ul>\n<p><span style=\"color: #99cc00;\"><strong>Juin 2021 :<\/strong><\/span><\/p>\n<ul>\n<li>Certification aux techniques anciennes de peinture -Ecole Fran\u00e7aise de D\u00e9cor-<\/li>\n<\/ul>\n<p><span style=\"color: #99cc00;\"><strong>F\u00e9vrier 2021 :<\/strong><\/span><\/p>\n<ul>\n<li>R\u00e9alisation de fresques d\u00e9coratives<\/li>\n<\/ul>\n<p><span style=\"color: #99cc00;\"><strong>Octobre 2020<\/strong><\/span><\/p>\n<ul>\n<li>Formation aux imitations de mati\u00e8res oxyd\u00e9es -Geste Formation, Universit\u00e9 Europ\u00e9enne des m\u00e9tiers de la finition-<\/li>\n<\/ul>\n<p><span style=\"color: #99cc00;\"><strong>Septembre 2020<\/strong><\/span><\/p>\n<ul>\n<li>Exposition M\u00e9diath\u00e8que -Langeac-<\/li>\n<\/ul>\n<p><span style=\"color: #99cc00;\"><strong>D\u00e9cembre \u00e0 mars 2020<\/strong><\/span><\/p>\n<ul>\n<li>Exposition \u00ab La Couveuse \u00bb -MPT Chadrac-<\/li>\n<\/ul>\n<p><span style=\"color: #99cc00;\"><strong>Aout 2019<\/strong><\/span><\/p>\n<ul>\n<li>Exposition chapelle Notre Dame du Portail -Auzon-<\/li>\n<\/ul>\n<p><span style=\"color: #99cc00;\"><strong>Juillet 2019<\/strong><\/span><\/p>\n<ul>\n<li>S\u00e9lectionn\u00e9e comme carnettiste \u2013 Biennale d\u2019aquarelle de Brioude<\/li>\n<\/ul>\n<p><span style=\"color: #99cc00;\"><strong>Juin 2019<\/strong><\/span><\/p>\n<ul>\n<li>Projet de bassin \u00ab\u00a0Patrimoine et art sacr\u00e9\u00a0: la peinture murale\u00a0\u00bb.<br \/>\nEn collaboration avec le Pays d\u2019Art et d\u2019Histoire du Haut-Allier.<br \/>\nIntervention aupr\u00e8s de 8 \u00e9tablissements scolaires \u2013 17 classes<\/li>\n<\/ul>\n<p><span style=\"color: #99cc00;\"><strong>Mai 2019<\/strong><\/span><\/p>\n<ul>\n<li>Exposition collective \u00ab Balad\u2019Art \u00bb -CH\u00c2TEAU DE ST GERVAZY-<\/li>\n<\/ul>\n<p><span style=\"color: #99cc00;\"><strong>Avril 2019<\/strong><\/span><\/p>\n<ul>\n<li>Exposition collective \u00ab Artistes \u00e0 tous vents \u00bb -BLAVOZY-<\/li>\n<\/ul>\n<p><span style=\"color: #99cc00;\"><strong>Mars 2019<\/strong><\/span><\/p>\n<ul>\n<li>Exposition \u00e0 \u00ab Le Bonnet d\u2019\u00e2ne \u00bb \u2013 Salle d\u2019exposition -CLERMONT-FERRAND-<\/li>\n<\/ul>\n<p><span style=\"color: #99cc00;\"><strong>Novembre 2018<\/strong><\/span><\/p>\n<p><span style=\"font-size: 14pt;\"><span style=\"font-size: 12pt;\">Exposition boutique d\u2019art Escandilha -BRIOUDE-<\/span><\/span><\/p>\n<p><strong><span style=\"color: #99cc00; font-size: 12pt;\">Ao\u00fbt 2018<\/span><\/strong><\/p>\n<ul>\n<li>Exposition \u00ab\u00a0Mini croquis \u2013 Maxi toile\u00a0\u00bb Caf\u00e9 Grenouille \u2013 LANGEAC<\/li>\n<li>Exposition \u00ab\u00a0Nature\u00a0\u00bb Salle des expos \u2013 ST PREJET D\u2019ALLIER<\/li>\n<li>Participation au Salon artistique du Puy en Velay<\/li>\n<\/ul>\n<p><strong><span style=\"color: #99cc00; font-size: 12pt;\">Juillet 2018<\/span><\/strong><\/p>\n<ul>\n<li>Exposition \u2013 M\u00e9diath\u00e8que de SIAUGUES STE MARIE<\/li>\n<\/ul>\n<p><span style=\"font-size: 12pt;\"><strong><span style=\"color: #99cc00;\">Juin 2018<\/span><\/strong><\/span><\/p>\n<ul>\n<li>Exposition OT de LAVOUTE CHILHAC<\/li>\n<\/ul>\n<p><span style=\"font-size: 12pt;\"><strong><span style=\"color: #99cc00;\">Avril 2018<\/span><\/strong><\/span><\/p>\n<ul>\n<li>Participation aux Journ\u00e9es Europ\u00e9ennes des M\u00e9tiers d\u2019Art \u2013 DOMEYRAT<\/li>\n<\/ul>\n<p><strong><span style=\"color: #99cc00; font-size: 12pt;\">Ao\u00fbt 2017<\/span><\/strong><\/p>\n<ul>\n<li>Exposition \u00ab\u00a0Univers musical\u00a0\u00bb au mus\u00e9e du Jacquemart<\/li>\n<\/ul>\n<p><span style=\"font-size: 12pt;\"><strong><span style=\"color: #99cc00;\">Juin 2016<\/span><\/strong><\/span><\/p>\n<ul>\n<li>Projet de m\u00e9diation culturelle \u2013 Organisation d\u2019ateliers et exposition<\/li>\n<\/ul>\n<p><strong><span style=\"color: #99cc00; font-size: 12pt;\">De septembre 2015 \u00e0 septembre 2016<\/span><\/strong><\/p>\n<ul>\n<li>BPJEPS Animation culturelle. Conservatoire \u00e0 rayonnement d\u00e9partementale \u00ab\u00a0Atelier des Arts\u00a0\u00bb du Puy en Velay.<\/li>\n<li>Formation perfectionnement Beaux Art aupr\u00e8s de Marika Leduc, professeur Martenot<\/li>\n<\/ul>\n","protected":false},"excerpt":{"rendered":"<p>Depuis le 01 octobre 2017 : Ouverture de l\u2019atelier-galerie\u00a0 \u00ab Terre de Sienne \u00bb Septembre 2025 Exposition Festival \u00ab\u00a0Couleurs d&rsquo;Automne\u00a0\u00bb Orl\u00e9at 63 Janvier 2025 Exposition Maison de Mandrin 43 Brioude &#8211; Dans le cadre des ExtraBiennales organis\u00e9 par le festival d&rsquo;aquarelle de Brioude. Octobre 2024 Formation peintures naturelles et \u00e9cologiques &#8211; Elise Orier Juin 2024 &hellip; <\/p>\n","protected":false},"author":1,"featured_media":0,"parent":0,"menu_order":0,"comment_status":"closed","ping_status":"closed","template":"","meta":{"_monsterinsights_skip_tracking":false,"_monsterinsights_sitenote_active":false,"_monsterinsights_sitenote_note":"","_monsterinsights_sitenote_category":0,"footnotes":""},"class_list":["post-1724","page","type-page","status-publish","hentry"],"aioseo_notices":[],"_links":{"self":[{"href":"https:\/\/atelier-terredesienne.fr\/index.php\/wp-json\/wp\/v2\/pages\/1724"}],"collection":[{"href":"https:\/\/atelier-terredesienne.fr\/index.php\/wp-json\/wp\/v2\/pages"}],"about":[{"href":"https:\/\/atelier-terredesienne.fr\/index.php\/wp-json\/wp\/v2\/types\/page"}],"author":[{"embeddable":true,"href":"https:\/\/atelier-terredesienne.fr\/index.php\/wp-json\/wp\/v2\/users\/1"}],"replies":[{"embeddable":true,"href":"https:\/\/atelier-terredesienne.fr\/index.php\/wp-json\/wp\/v2\/comments?post=1724"}],"version-history":[{"count":31,"href":"https:\/\/atelier-terredesienne.fr\/index.php\/wp-json\/wp\/v2\/pages\/1724\/revisions"}],"predecessor-version":[{"id":4247,"href":"https:\/\/atelier-terredesienne.fr\/index.php\/wp-json\/wp\/v2\/pages\/1724\/revisions\/4247"}],"wp:attachment":[{"href":"https:\/\/atelier-terredesienne.fr\/index.php\/wp-json\/wp\/v2\/media?parent=1724"}],"curies":[{"name":"wp","href":"https:\/\/api.w.org\/{rel}","templated":true}]}}