{"id":4060,"date":"2025-03-24T17:03:12","date_gmt":"2025-03-24T16:03:12","guid":{"rendered":"https:\/\/atelier-terredesienne.fr\/?page_id=4060"},"modified":"2026-01-17T15:51:58","modified_gmt":"2026-01-17T14:51:58","slug":"decor","status":"publish","type":"page","link":"https:\/\/atelier-terredesienne.fr\/index.php\/decor\/","title":{"rendered":"D\u00e9cor"},"content":{"rendered":"\n<h2 class=\"wp-block-heading has-text-align-center\" style=\"font-style:normal;font-weight:300;letter-spacing:5px;text-decoration:underline\">D\u00c9COR AUTHENTIQUE EN PEINTURE NATURELLE<\/h2>\n\n\n<div class=\"wp-block-image\">\n<figure class=\"aligncenter size-full is-resized\"><img loading=\"lazy\" decoding=\"async\" width=\"1024\" height=\"683\" src=\"https:\/\/atelier-terredesienne.fr\/wp-content\/uploads\/2025\/04\/5C6A5382-001.jpg\" alt=\"\" class=\"wp-image-4169\" style=\"width:574px;height:auto\" srcset=\"https:\/\/atelier-terredesienne.fr\/wp-content\/uploads\/2025\/04\/5C6A5382-001.jpg 1024w, https:\/\/atelier-terredesienne.fr\/wp-content\/uploads\/2025\/04\/5C6A5382-001-300x200.jpg 300w, https:\/\/atelier-terredesienne.fr\/wp-content\/uploads\/2025\/04\/5C6A5382-001-768x512.jpg 768w, https:\/\/atelier-terredesienne.fr\/wp-content\/uploads\/2025\/04\/5C6A5382-001-450x300.jpg 450w\" sizes=\"(max-width: 1024px) 100vw, 1024px\" \/><\/figure><\/div>\n\n\n<p class=\"has-text-align-center has-vivid-red-color has-text-color has-link-color wp-elements-e3216e09d7cb620d8b907e62de56dc32\" style=\"font-size:25px;letter-spacing:5px\">Offrez une \u00e2me \u00e0 vos murs !<\/p>\n\n\n\n<p class=\"has-text-align-left has-medium-font-size\" style=\"letter-spacing:0px\">L&rsquo;Atelier Terre de Sienne est sp\u00e9cialis\u00e9 dans la cr\u00e9ation d&rsquo;\u0153uvres originales et de d\u00e9cors muraux int\u00e9rieurs et fonde son expertise sur l&rsquo;utilisation exclusive de peinture naturelle et saine.<\/p>\n\n\n\n<h3 class=\"wp-block-heading has-text-align-center\" style=\"font-style:normal;font-weight:200\">Puret\u00e9 des Mat\u00e9riaux et Expertise Technique<\/h3>\n\n\n\n<p class=\"has-medium-font-size\">Cr\u00e9ateur de couleurs et de mati\u00e8res, l&rsquo;Atelier ne se contente pas de poser : il fabrique des peintures et enduits sur mesure !<\/p>\n\n\n\n<p class=\"has-medium-font-size\">En puisant dans des mati\u00e8res et recettes traditionnelles (chaux, cas\u00e9ine, temp\u00e9ra&#8230;), l&rsquo;atelier  \u00e9labore des formulations uniques ; C&rsquo;est l&rsquo;assurance d&rsquo;un d\u00e9cor enti\u00e8rement sain et \u00e9cologique, qui prend soin de votre int\u00e9rieur comme de l&rsquo;environnement.<\/p>\n\n\n\n<p class=\"has-medium-font-size\">L&rsquo;expertise, acquise par la formation aupr\u00e8s de sp\u00e9cialistes reconnus de la discipline, garantit pour chaque projet une finition exceptionnelle en termes de tenue et de profondeur.<\/p>\n\n\n\n<h3 class=\"wp-block-heading has-text-align-center\" style=\"font-style:normal;font-weight:200\">Le Charme du Temps Retrouv\u00e9<\/h3>\n\n\n\n<p class=\"has-medium-font-size\">La vision artistique de l&rsquo;Atelier Terre de Sienne est d&rsquo;insuffler une histoire et une profondeur aux espaces. L&rsquo;expertise s&rsquo;exprime notamment dans l&rsquo;imitation de mati\u00e8res vintage et les patines authentiques :<\/p>\n\n\n\n<ul class=\"wp-block-list\">\n<li class=\"has-medium-font-size\">Cr\u00e9ation de fausses briques ou pierres anciennes<\/li>\n\n\n\n<li class=\"has-medium-font-size\">Effets de patine subtile et murs textur\u00e9s<\/li>\n\n\n\n<li class=\"has-medium-font-size\">R\u00e9alisation de fresques murales traditionnelles<\/li>\n<\/ul>\n\n\n\n<h3 class=\"wp-block-heading has-text-align-center has-medium-font-size\" style=\"font-style:normal;font-weight:200\">L&rsquo;objectif est de livrer des d\u00e9cors qui ne sont pas neufs, mais vibrants, profonds, et intemporels, cr\u00e9ant un dialogue unique avec l&rsquo;\u00e2me du lieu.<\/h3>\n\n\n\n<hr class=\"wp-block-separator has-alpha-channel-opacity\"\/>\n\n\n\n<p class=\"has-text-align-center has-vivid-red-color has-text-color has-link-color has-large-font-size wp-elements-99a9262470b5a39ac74f5b13c0ab0a1b\" style=\"font-style:normal;font-weight:300\">EXEMPLE DE R\u00c9ALISATION<\/p>\n\n\n\n<figure class=\"wp-block-image size-large\"><img loading=\"lazy\" decoding=\"async\" width=\"1024\" height=\"1024\" src=\"https:\/\/atelier-terredesienne.fr\/wp-content\/uploads\/2025\/10\/Black-White-Minimalist-Hair-Beauty-Before-After-Instagram-Post-1024x1024.jpg\" alt=\"\" class=\"wp-image-4213\" srcset=\"https:\/\/atelier-terredesienne.fr\/wp-content\/uploads\/2025\/10\/Black-White-Minimalist-Hair-Beauty-Before-After-Instagram-Post-1024x1024.jpg 1024w, https:\/\/atelier-terredesienne.fr\/wp-content\/uploads\/2025\/10\/Black-White-Minimalist-Hair-Beauty-Before-After-Instagram-Post-300x300.jpg 300w, https:\/\/atelier-terredesienne.fr\/wp-content\/uploads\/2025\/10\/Black-White-Minimalist-Hair-Beauty-Before-After-Instagram-Post-150x150.jpg 150w, https:\/\/atelier-terredesienne.fr\/wp-content\/uploads\/2025\/10\/Black-White-Minimalist-Hair-Beauty-Before-After-Instagram-Post-768x768.jpg 768w, https:\/\/atelier-terredesienne.fr\/wp-content\/uploads\/2025\/10\/Black-White-Minimalist-Hair-Beauty-Before-After-Instagram-Post-435x435.jpg 435w, https:\/\/atelier-terredesienne.fr\/wp-content\/uploads\/2025\/10\/Black-White-Minimalist-Hair-Beauty-Before-After-Instagram-Post.jpg 1080w\" sizes=\"(max-width: 1024px) 100vw, 1024px\" \/><\/figure>\n\n\n\n<div class=\"wp-block-group\"><div class=\"wp-block-group__inner-container is-layout-constrained wp-block-group-is-layout-constrained\">\n<p class=\"has-text-align-center has-luminous-vivid-amber-color has-text-color has-link-color has-medium-font-size wp-elements-6f1f20d6b4edb0aa0cadc247891aec1d\" style=\"font-style:normal;font-weight:300\"><strong>Process de la d\u00e9coration murale :<br>Cr\u00e9ation du projet   \/   Fabrication des peintures naturelles   \/   R\u00e9alisation artistique<\/strong><\/p>\n<\/div><\/div>\n\n\n\n<figure class=\"wp-block-gallery has-nested-images columns-default is-cropped wp-block-gallery-1 is-layout-flex wp-block-gallery-is-layout-flex\">\n<figure class=\"wp-block-image size-medium\"><img loading=\"lazy\" decoding=\"async\" width=\"225\" height=\"300\" data-id=\"4215\" src=\"https:\/\/atelier-terredesienne.fr\/wp-content\/uploads\/2025\/10\/photo_3-2-225x300.jpeg\" alt=\"\" class=\"wp-image-4215\" srcset=\"https:\/\/atelier-terredesienne.fr\/wp-content\/uploads\/2025\/10\/photo_3-2-225x300.jpeg 225w, https:\/\/atelier-terredesienne.fr\/wp-content\/uploads\/2025\/10\/photo_3-2-768x1024.jpeg 768w, https:\/\/atelier-terredesienne.fr\/wp-content\/uploads\/2025\/10\/photo_3-2-1152x1536.jpeg 1152w, https:\/\/atelier-terredesienne.fr\/wp-content\/uploads\/2025\/10\/photo_3-2-1536x2048.jpeg 1536w, https:\/\/atelier-terredesienne.fr\/wp-content\/uploads\/2025\/10\/photo_3-2-scaled.jpeg 1920w\" sizes=\"(max-width: 225px) 100vw, 225px\" \/><\/figure>\n\n\n\n<figure class=\"wp-block-image size-medium\"><img loading=\"lazy\" decoding=\"async\" width=\"225\" height=\"300\" data-id=\"4222\" src=\"https:\/\/atelier-terredesienne.fr\/wp-content\/uploads\/2025\/10\/photo_2-4-225x300.jpeg\" alt=\"\" class=\"wp-image-4222\" srcset=\"https:\/\/atelier-terredesienne.fr\/wp-content\/uploads\/2025\/10\/photo_2-4-225x300.jpeg 225w, https:\/\/atelier-terredesienne.fr\/wp-content\/uploads\/2025\/10\/photo_2-4-768x1024.jpeg 768w, https:\/\/atelier-terredesienne.fr\/wp-content\/uploads\/2025\/10\/photo_2-4-1152x1536.jpeg 1152w, https:\/\/atelier-terredesienne.fr\/wp-content\/uploads\/2025\/10\/photo_2-4-1536x2048.jpeg 1536w, https:\/\/atelier-terredesienne.fr\/wp-content\/uploads\/2025\/10\/photo_2-4-scaled.jpeg 1920w\" sizes=\"(max-width: 225px) 100vw, 225px\" \/><\/figure>\n\n\n\n<figure class=\"wp-block-image size-full\"><img loading=\"lazy\" decoding=\"async\" width=\"1920\" height=\"2560\" data-id=\"4218\" src=\"https:\/\/atelier-terredesienne.fr\/wp-content\/uploads\/2025\/10\/photo_1-2-scaled.jpeg\" alt=\"\" class=\"wp-image-4218\" srcset=\"https:\/\/atelier-terredesienne.fr\/wp-content\/uploads\/2025\/10\/photo_1-2-scaled.jpeg 1920w, https:\/\/atelier-terredesienne.fr\/wp-content\/uploads\/2025\/10\/photo_1-2-225x300.jpeg 225w, https:\/\/atelier-terredesienne.fr\/wp-content\/uploads\/2025\/10\/photo_1-2-768x1024.jpeg 768w, https:\/\/atelier-terredesienne.fr\/wp-content\/uploads\/2025\/10\/photo_1-2-1152x1536.jpeg 1152w, https:\/\/atelier-terredesienne.fr\/wp-content\/uploads\/2025\/10\/photo_1-2-1536x2048.jpeg 1536w\" sizes=\"(max-width: 1920px) 100vw, 1920px\" \/><\/figure>\n<\/figure>\n\n\n\n<p><\/p>\n\n\n\n<hr class=\"wp-block-separator has-alpha-channel-opacity\"\/>\n\n\n\n<div class=\"wp-block-media-text is-stacked-on-mobile\" style=\"grid-template-columns:46% auto\"><figure class=\"wp-block-media-text__media\"><img loading=\"lazy\" decoding=\"async\" width=\"768\" height=\"1024\" src=\"https:\/\/atelier-terredesienne.fr\/wp-content\/uploads\/2025\/10\/photo_1-1-1-768x1024.jpeg\" alt=\"\" class=\"wp-image-4225 size-full\" srcset=\"https:\/\/atelier-terredesienne.fr\/wp-content\/uploads\/2025\/10\/photo_1-1-1-768x1024.jpeg 768w, https:\/\/atelier-terredesienne.fr\/wp-content\/uploads\/2025\/10\/photo_1-1-1-225x300.jpeg 225w, https:\/\/atelier-terredesienne.fr\/wp-content\/uploads\/2025\/10\/photo_1-1-1-1152x1536.jpeg 1152w, https:\/\/atelier-terredesienne.fr\/wp-content\/uploads\/2025\/10\/photo_1-1-1-1536x2048.jpeg 1536w, https:\/\/atelier-terredesienne.fr\/wp-content\/uploads\/2025\/10\/photo_1-1-1-scaled.jpeg 1920w\" sizes=\"(max-width: 768px) 100vw, 768px\" \/><\/figure><div class=\"wp-block-media-text__content\">\n<p class=\"has-text-align-center has-large-font-size\" style=\"font-style:normal;font-weight:300\">Un faux ancien mur !<\/p>\n\n\n\n<p class=\"has-text-align-center has-medium-font-size\">Cr\u00e9ation d&rsquo;un enduit \u00e0 la chaux : <br>  <br>&#8211; Fausse pierre cr\u00e9e \u00e0 <br>l&rsquo;enduit chaux-pl\u00e2tre<br><\/p>\n\n\n\n<p class=\"has-text-align-center has-medium-font-size\">  &#8211; Cr\u00e9pi patin\u00e9<br><br>  &#8211; Enseigne \u00e0 la peinture \u00e0 la chaux<\/p>\n<\/div><\/div>\n\n\n\n<hr class=\"wp-block-separator has-alpha-channel-opacity\"\/>\n\n\n\n<figure class=\"wp-block-gallery has-nested-images columns-default is-cropped wp-block-gallery-2 is-layout-flex wp-block-gallery-is-layout-flex\">\n<figure class=\"wp-block-image size-full\"><a href=\"https:\/\/atelier-terredesienne.fr\/wp-content\/uploads\/2025\/10\/royal-miles-recadre-1.jpg\" target=\"_blank\" rel=\"noreferrer noopener\"><img loading=\"lazy\" decoding=\"async\" width=\"1290\" height=\"1948\" data-id=\"4228\" src=\"https:\/\/atelier-terredesienne.fr\/wp-content\/uploads\/2025\/10\/royal-miles-recadre-1.jpg\" alt=\"\" class=\"wp-image-4228\" srcset=\"https:\/\/atelier-terredesienne.fr\/wp-content\/uploads\/2025\/10\/royal-miles-recadre-1.jpg 1290w, https:\/\/atelier-terredesienne.fr\/wp-content\/uploads\/2025\/10\/royal-miles-recadre-1-199x300.jpg 199w, https:\/\/atelier-terredesienne.fr\/wp-content\/uploads\/2025\/10\/royal-miles-recadre-1-678x1024.jpg 678w, https:\/\/atelier-terredesienne.fr\/wp-content\/uploads\/2025\/10\/royal-miles-recadre-1-768x1160.jpg 768w, https:\/\/atelier-terredesienne.fr\/wp-content\/uploads\/2025\/10\/royal-miles-recadre-1-1017x1536.jpg 1017w\" sizes=\"(max-width: 1290px) 100vw, 1290px\" \/><\/a><\/figure>\n<\/figure>\n\n\n\n<p class=\"has-text-align-center has-large-font-size\" style=\"font-style:normal;font-weight:300;letter-spacing:0px\">D\u00e9cor mural \u00ab\u00a0Royal Miles\u00a0\u00bb<\/p>\n\n\n\n<p class=\"has-text-align-center has-medium-font-size\">&#8211; Fausses briques en enduit gras \u00e0 l&rsquo;\u0153uf<br><br>&#8211; Cr\u00e9pi \u00e0 la cas\u00e9ine<br><br>&#8211; Enseigne \u00e0 la gomme laque<\/p>\n\n\n\n<hr class=\"wp-block-separator has-alpha-channel-opacity\"\/>\n\n\n\n<div class=\"wp-block-media-text is-stacked-on-mobile\" style=\"grid-template-columns:47% auto\"><figure class=\"wp-block-media-text__media\"><img loading=\"lazy\" decoding=\"async\" width=\"679\" height=\"1024\" src=\"https:\/\/atelier-terredesienne.fr\/wp-content\/uploads\/2025\/10\/5C6A5366-001-1-679x1024.jpg\" alt=\"\" class=\"wp-image-4233 size-full\" srcset=\"https:\/\/atelier-terredesienne.fr\/wp-content\/uploads\/2025\/10\/5C6A5366-001-1-679x1024.jpg 679w, https:\/\/atelier-terredesienne.fr\/wp-content\/uploads\/2025\/10\/5C6A5366-001-1-199x300.jpg 199w, https:\/\/atelier-terredesienne.fr\/wp-content\/uploads\/2025\/10\/5C6A5366-001-1-768x1158.jpg 768w, https:\/\/atelier-terredesienne.fr\/wp-content\/uploads\/2025\/10\/5C6A5366-001-1-1018x1536.jpg 1018w, https:\/\/atelier-terredesienne.fr\/wp-content\/uploads\/2025\/10\/5C6A5366-001-1-1358x2048.jpg 1358w, https:\/\/atelier-terredesienne.fr\/wp-content\/uploads\/2025\/10\/5C6A5366-001-1-scaled.jpg 1697w\" sizes=\"(max-width: 679px) 100vw, 679px\" \/><\/figure><div class=\"wp-block-media-text__content\">\n<p><\/p>\n\n\n\n<h2 class=\"wp-block-heading has-text-align-center has-large-font-size\" style=\"font-style:normal;font-weight:300\">\u00ab\u00a0Bal du Moulin Rouge\u00a0\u00bb<\/h2>\n\n\n\n<p><\/p>\n\n\n\n<p><\/p>\n\n\n\n<p class=\"has-text-align-center has-medium-font-size\">&#8211; D\u00e9cor peint \u00e0 la colle de peau et \u00e0 la gomme laque. <br><br>&#8211; Peinture sur verre \u00e0 la temp\u00e9ra<\/p>\n\n\n\n<p><\/p>\n<\/div><\/div>\n\n\n\n<hr class=\"wp-block-separator has-alpha-channel-opacity\"\/>\n\n\n\n<div class=\"wp-block-buttons is-horizontal is-content-justification-center is-layout-flex wp-container-core-buttons-is-layout-1 wp-block-buttons-is-layout-flex\">\n<div class=\"wp-block-button has-custom-width wp-block-button__width-75\"><a class=\"wp-block-button__link has-black-color has-luminous-vivid-amber-background-color has-text-color has-background has-link-color has-text-align-center wp-element-button\" href=\"https:\/\/atelier-terredesienne.fr\/index.php\/contact\/\"><strong>Demande de renseignements<\/strong><\/a><\/div>\n<\/div>\n\n\n\n<div class=\"wp-block-columns is-layout-flex wp-container-core-columns-is-layout-1 wp-block-columns-is-layout-flex\">\n<div class=\"wp-block-column is-layout-flow wp-block-column-is-layout-flow\">\n<figure class=\"wp-block-image size-large\"><img loading=\"lazy\" decoding=\"async\" width=\"768\" height=\"1024\" src=\"https:\/\/atelier-terredesienne.fr\/wp-content\/uploads\/2025\/10\/photo_1-3-768x1024.jpeg\" alt=\"\" class=\"wp-image-4216\" srcset=\"https:\/\/atelier-terredesienne.fr\/wp-content\/uploads\/2025\/10\/photo_1-3-768x1024.jpeg 768w, https:\/\/atelier-terredesienne.fr\/wp-content\/uploads\/2025\/10\/photo_1-3-225x300.jpeg 225w, https:\/\/atelier-terredesienne.fr\/wp-content\/uploads\/2025\/10\/photo_1-3-1152x1536.jpeg 1152w, https:\/\/atelier-terredesienne.fr\/wp-content\/uploads\/2025\/10\/photo_1-3-1536x2048.jpeg 1536w, https:\/\/atelier-terredesienne.fr\/wp-content\/uploads\/2025\/10\/photo_1-3-scaled.jpeg 1920w\" sizes=\"(max-width: 768px) 100vw, 768px\" \/><\/figure>\n<\/div>\n\n\n\n<div class=\"wp-block-column is-layout-flow wp-block-column-is-layout-flow\">\n<figure class=\"wp-block-image size-large\"><img loading=\"lazy\" decoding=\"async\" width=\"768\" height=\"1024\" src=\"https:\/\/atelier-terredesienne.fr\/wp-content\/uploads\/2025\/10\/photo_3-1-768x1024.jpeg\" alt=\"\" class=\"wp-image-4217\" srcset=\"https:\/\/atelier-terredesienne.fr\/wp-content\/uploads\/2025\/10\/photo_3-1-768x1024.jpeg 768w, https:\/\/atelier-terredesienne.fr\/wp-content\/uploads\/2025\/10\/photo_3-1-225x300.jpeg 225w, https:\/\/atelier-terredesienne.fr\/wp-content\/uploads\/2025\/10\/photo_3-1-1152x1536.jpeg 1152w, https:\/\/atelier-terredesienne.fr\/wp-content\/uploads\/2025\/10\/photo_3-1-1536x2048.jpeg 1536w, https:\/\/atelier-terredesienne.fr\/wp-content\/uploads\/2025\/10\/photo_3-1-scaled.jpeg 1920w\" sizes=\"(max-width: 768px) 100vw, 768px\" \/><\/figure>\n<\/div>\n<\/div>\n\n\n\n<figure class=\"wp-block-image size-large\"><img loading=\"lazy\" decoding=\"async\" width=\"1024\" height=\"922\" src=\"https:\/\/atelier-terredesienne.fr\/wp-content\/uploads\/2026\/01\/modele-decor-1024x922.jpg\" alt=\"\" class=\"wp-image-4285\" srcset=\"https:\/\/atelier-terredesienne.fr\/wp-content\/uploads\/2026\/01\/modele-decor-1024x922.jpg 1024w, https:\/\/atelier-terredesienne.fr\/wp-content\/uploads\/2026\/01\/modele-decor-300x270.jpg 300w, https:\/\/atelier-terredesienne.fr\/wp-content\/uploads\/2026\/01\/modele-decor-768x691.jpg 768w, https:\/\/atelier-terredesienne.fr\/wp-content\/uploads\/2026\/01\/modele-decor.jpg 1050w\" sizes=\"(max-width: 1024px) 100vw, 1024px\" \/><\/figure>\n\n\n\n<div class=\"wp-block-columns is-layout-flex wp-container-core-columns-is-layout-2 wp-block-columns-is-layout-flex\">\n<div class=\"wp-block-column is-layout-flow wp-block-column-is-layout-flow\">\n<figure class=\"wp-block-image size-large\"><img loading=\"lazy\" decoding=\"async\" width=\"1024\" height=\"759\" src=\"https:\/\/atelier-terredesienne.fr\/wp-content\/uploads\/2026\/01\/cf1958e3-e591-4832-9eeb-f8b940d0d4c8-1024x759.jpg\" alt=\"\" class=\"wp-image-4288\" srcset=\"https:\/\/atelier-terredesienne.fr\/wp-content\/uploads\/2026\/01\/cf1958e3-e591-4832-9eeb-f8b940d0d4c8-1024x759.jpg 1024w, https:\/\/atelier-terredesienne.fr\/wp-content\/uploads\/2026\/01\/cf1958e3-e591-4832-9eeb-f8b940d0d4c8-300x222.jpg 300w, https:\/\/atelier-terredesienne.fr\/wp-content\/uploads\/2026\/01\/cf1958e3-e591-4832-9eeb-f8b940d0d4c8-768x569.jpg 768w, https:\/\/atelier-terredesienne.fr\/wp-content\/uploads\/2026\/01\/cf1958e3-e591-4832-9eeb-f8b940d0d4c8-1536x1138.jpg 1536w, https:\/\/atelier-terredesienne.fr\/wp-content\/uploads\/2026\/01\/cf1958e3-e591-4832-9eeb-f8b940d0d4c8.jpg 2048w\" sizes=\"(max-width: 1024px) 100vw, 1024px\" \/><\/figure>\n<\/div>\n\n\n\n<div class=\"wp-block-column is-layout-flow wp-block-column-is-layout-flow\">\n<figure class=\"wp-block-image size-large\"><img loading=\"lazy\" decoding=\"async\" width=\"1024\" height=\"768\" src=\"https:\/\/atelier-terredesienne.fr\/wp-content\/uploads\/2026\/01\/d3fdd3fb-f339-4ea8-b248-41d38cf90724-1024x768.jpg\" alt=\"\" class=\"wp-image-4289\" srcset=\"https:\/\/atelier-terredesienne.fr\/wp-content\/uploads\/2026\/01\/d3fdd3fb-f339-4ea8-b248-41d38cf90724-1024x768.jpg 1024w, https:\/\/atelier-terredesienne.fr\/wp-content\/uploads\/2026\/01\/d3fdd3fb-f339-4ea8-b248-41d38cf90724-300x225.jpg 300w, https:\/\/atelier-terredesienne.fr\/wp-content\/uploads\/2026\/01\/d3fdd3fb-f339-4ea8-b248-41d38cf90724-768x576.jpg 768w, https:\/\/atelier-terredesienne.fr\/wp-content\/uploads\/2026\/01\/d3fdd3fb-f339-4ea8-b248-41d38cf90724-1536x1152.jpg 1536w, https:\/\/atelier-terredesienne.fr\/wp-content\/uploads\/2026\/01\/d3fdd3fb-f339-4ea8-b248-41d38cf90724.jpg 2048w\" sizes=\"(max-width: 1024px) 100vw, 1024px\" \/><\/figure>\n<\/div>\n<\/div>\n\n\n\n<p>               AVANT                                                                                                      APR\u00c9S<\/p>\n","protected":false},"excerpt":{"rendered":"<p>D\u00c9COR AUTHENTIQUE EN PEINTURE NATURELLE Offrez une \u00e2me \u00e0 vos murs ! L&rsquo;Atelier Terre de Sienne est sp\u00e9cialis\u00e9 dans la cr\u00e9ation d&rsquo;\u0153uvres originales et de d\u00e9cors muraux int\u00e9rieurs et fonde son expertise sur l&rsquo;utilisation exclusive de peinture naturelle et saine. Puret\u00e9 des Mat\u00e9riaux et Expertise Technique Cr\u00e9ateur de couleurs et de mati\u00e8res, l&rsquo;Atelier ne se &hellip; <\/p>\n","protected":false},"author":1,"featured_media":0,"parent":0,"menu_order":0,"comment_status":"closed","ping_status":"closed","template":"","meta":{"_monsterinsights_skip_tracking":false,"_monsterinsights_sitenote_active":false,"_monsterinsights_sitenote_note":"","_monsterinsights_sitenote_category":0,"footnotes":""},"class_list":["post-4060","page","type-page","status-publish","hentry"],"aioseo_notices":[],"_links":{"self":[{"href":"https:\/\/atelier-terredesienne.fr\/index.php\/wp-json\/wp\/v2\/pages\/4060"}],"collection":[{"href":"https:\/\/atelier-terredesienne.fr\/index.php\/wp-json\/wp\/v2\/pages"}],"about":[{"href":"https:\/\/atelier-terredesienne.fr\/index.php\/wp-json\/wp\/v2\/types\/page"}],"author":[{"embeddable":true,"href":"https:\/\/atelier-terredesienne.fr\/index.php\/wp-json\/wp\/v2\/users\/1"}],"replies":[{"embeddable":true,"href":"https:\/\/atelier-terredesienne.fr\/index.php\/wp-json\/wp\/v2\/comments?post=4060"}],"version-history":[{"count":36,"href":"https:\/\/atelier-terredesienne.fr\/index.php\/wp-json\/wp\/v2\/pages\/4060\/revisions"}],"predecessor-version":[{"id":4294,"href":"https:\/\/atelier-terredesienne.fr\/index.php\/wp-json\/wp\/v2\/pages\/4060\/revisions\/4294"}],"wp:attachment":[{"href":"https:\/\/atelier-terredesienne.fr\/index.php\/wp-json\/wp\/v2\/media?parent=4060"}],"curies":[{"name":"wp","href":"https:\/\/api.w.org\/{rel}","templated":true}]}}