{"id":68,"date":"2017-08-28T12:22:06","date_gmt":"2017-08-28T12:22:06","guid":{"rendered":"http:\/\/atelier-agnes-deshors.egeon.info\/wp\/?page_id=68"},"modified":"2026-01-17T15:39:38","modified_gmt":"2026-01-17T14:39:38","slug":"formation","status":"publish","type":"page","link":"https:\/\/atelier-terredesienne.fr\/index.php\/latelier\/formation\/","title":{"rendered":"Art Formation"},"content":{"rendered":"\n<p>Formatrice depuis la cr\u00e9ation de l&rsquo;atelier en 2017, Agn\u00e8s Deshors propose une p\u00e9dagogie progressive en s&rsquo;adaptant aux souhaits et capacit\u00e9s de chacun. Son objectif : transmettre une technique tout en favorisant l&rsquo;expression singuli\u00e8re de chacun ! <br>Son exp\u00e9rience dans le domaine de la p\u00e9dagogie s&rsquo;\u00e9tend de l&rsquo;encadrement de cours individuel \u00e0 l&rsquo;animation de groupe aupr\u00e8s d&rsquo;un public \u00e9clectique : particuliers, scolaires, groupe CE, personne en situation de handicap, centre de vacances&#8230;<br><\/p>\n\n\n\n<div class=\"wp-block-media-text is-stacked-on-mobile\"><figure class=\"wp-block-media-text__media\"><img loading=\"lazy\" decoding=\"async\" width=\"476\" height=\"540\" src=\"https:\/\/atelier-terredesienne.fr\/wp-content\/uploads\/2026\/01\/539582184_1416672860459054_1812371389120141880_n-2.jpg\" alt=\"\" class=\"wp-image-4260 size-full\" srcset=\"https:\/\/atelier-terredesienne.fr\/wp-content\/uploads\/2026\/01\/539582184_1416672860459054_1812371389120141880_n-2.jpg 476w, https:\/\/atelier-terredesienne.fr\/wp-content\/uploads\/2026\/01\/539582184_1416672860459054_1812371389120141880_n-2-264x300.jpg 264w\" sizes=\"(max-width: 476px) 100vw, 476px\" \/><\/figure><div class=\"wp-block-media-text__content\">\n<p class=\"has-text-align-center has-vivid-red-color has-text-color has-link-color has-medium-font-size wp-elements-c0d2c813d62764b1a0663885d273c9dc\" style=\"font-style:normal;font-weight:200;letter-spacing:10px\">STAGE <\/p>\n\n\n\n<p class=\"has-text-align-center has-vivid-red-color has-text-color has-link-color has-medium-font-size wp-elements-b9bfff9c2b6fcdf3e0a7d37e1c524dd8\" style=\"font-style:normal;font-weight:200;letter-spacing:10px\">TABLEAU VINTAGE<\/p>\n\n\n\n<p>Plongez dans l&rsquo;art de la mati\u00e8re et des couleurs pour cr\u00e9er un tableau unique \u00e0 l&rsquo;esprit vintage et patin\u00e9 par le temps. Ce stage intensif de deux jours est con\u00e7u pour les adultes et les adolescents d\u00e9sireux d&rsquo;apprendre \u00e0 travailler les mat\u00e9riaux naturels pour une \u0153uvre d&rsquo;art originale.<\/p>\n<\/div><\/div>\n\n\n\n<p class=\"has-medium-font-size\"><strong>VENDREDI 13 ET SAMEDI 14 FEVRIER 2026<\/strong> \/ Enduits et peintures naturelles :<\/p>\n\n\n\n<p class=\"has-medium-font-size\">&#8211; Apprenez \u00e0 pr\u00e9parer un enduit \u00e0 l&rsquo;argile, une mati\u00e8re naturelle aux propri\u00e9t\u00e9s uniques.<br>&#8211; Cr\u00e9ation de la texture : Vous travaillerez le fond de votre tableau en jouant avec l&rsquo;enduit pour cr\u00e9er des reliefs, des fissures ou des surfaces lisses.<br>&#8211; Vous d\u00e9couvrirez la peinture \u00e0 la cas\u00e9ine, une peinture naturelle aux couleurs profondes et mates. Vous apprendrez \u00e0 la pr\u00e9parer et \u00e0 l&rsquo;appliquer en couches pour cr\u00e9er un effet de transparence et de d\u00e9grad\u00e9. Nous utiliserons l&rsquo;aquarelle pour ajouter des d\u00e9tails et des ombres.<br>&#8211; L&rsquo;effet \u00ab\u00a0vintage\u00a0\u00bb : Vous apprendrez les techniques pour vieillir votre tableau, notamment en pon\u00e7ant ou en patinant certaines zones pour r\u00e9v\u00e9ler les couches de couleurs pr\u00e9c\u00e9dentes.<br><br><em>180\u20ac les deux jours\/ 340\u20ac en duo  \/ Fournitures et mat\u00e9riel compri<\/em>s \/ Adultes, ados +14 ans<\/p>\n\n\n\n<hr class=\"wp-block-separator has-alpha-channel-opacity\"\/>\n\n\n\n<div class=\"wp-block-media-text is-stacked-on-mobile\"><figure class=\"wp-block-media-text__media\"><img loading=\"lazy\" decoding=\"async\" width=\"768\" height=\"1024\" src=\"https:\/\/atelier-terredesienne.fr\/wp-content\/uploads\/2024\/10\/376383477_1774788392984458_4834033382893394544_n-edited-768x1024.jpg\" alt=\"\" class=\"wp-image-3930 size-full\" srcset=\"https:\/\/atelier-terredesienne.fr\/wp-content\/uploads\/2024\/10\/376383477_1774788392984458_4834033382893394544_n-edited-768x1024.jpg 768w, https:\/\/atelier-terredesienne.fr\/wp-content\/uploads\/2024\/10\/376383477_1774788392984458_4834033382893394544_n-edited-225x300.jpg 225w, https:\/\/atelier-terredesienne.fr\/wp-content\/uploads\/2024\/10\/376383477_1774788392984458_4834033382893394544_n-edited.jpg 1148w\" sizes=\"(max-width: 768px) 100vw, 768px\" \/><\/figure><div class=\"wp-block-media-text__content\">\n<p class=\"has-text-align-center has-text-color has-link-color has-medium-font-size wp-elements-09516d895e4371d04277df8f601336ec\" style=\"color:#a40f0f;font-style:normal;font-weight:200;letter-spacing:10px\"><strong>ABSTRACTION<\/strong><\/p>\n\n\n\n<p class=\"has-text-align-center has-text-color has-link-color has-medium-font-size wp-elements-0d60953276449e38eade04420c829ce3\" style=\"color:#a40f0f;font-style:normal;font-weight:200;letter-spacing:10px\"> EMPREINTES ET FEUILLE D&rsquo;OR<br><\/p>\n\n\n\n<p class=\"has-text-align-left has-black-color has-text-color has-link-color has-medium-font-size wp-elements-0caff2a46f33b7b0a8bc11c0f6764018\" style=\"letter-spacing:0px\">Stage interg\u00e9n\u00e9rationnel \u00e0 partir de 6 ans pour apprendre en pas \u00e0 pas \u00e0 construire un petit tableau abstrait avec une impression ou un collage et de la d\u00e9pose de feuille d&rsquo;or.<\/p>\n\n\n\n<p>3h de d\u00e9compression cr\u00e9ative !<\/p>\n\n\n\n<p>Mercredi 18 f\u00e9vrier de 13h30 \u00e0 16h30. 45\u20ac<\/p>\n<\/div><\/div>\n\n\n\n<hr class=\"wp-block-separator has-alpha-channel-opacity\"\/>\n\n\n\n<div class=\"wp-block-media-text is-stacked-on-mobile\" style=\"grid-template-columns:49% auto\"><figure class=\"wp-block-media-text__media\"><img loading=\"lazy\" decoding=\"async\" width=\"1024\" height=\"1024\" src=\"https:\/\/atelier-terredesienne.fr\/wp-content\/uploads\/2026\/01\/Gemini_Generated_Image_7ayq3v7ayq3v7ayq-1.png\" alt=\"\" class=\"wp-image-4257 size-full\" srcset=\"https:\/\/atelier-terredesienne.fr\/wp-content\/uploads\/2026\/01\/Gemini_Generated_Image_7ayq3v7ayq3v7ayq-1.png 1024w, https:\/\/atelier-terredesienne.fr\/wp-content\/uploads\/2026\/01\/Gemini_Generated_Image_7ayq3v7ayq3v7ayq-1-300x300.png 300w, https:\/\/atelier-terredesienne.fr\/wp-content\/uploads\/2026\/01\/Gemini_Generated_Image_7ayq3v7ayq3v7ayq-1-150x150.png 150w, https:\/\/atelier-terredesienne.fr\/wp-content\/uploads\/2026\/01\/Gemini_Generated_Image_7ayq3v7ayq3v7ayq-1-768x768.png 768w, https:\/\/atelier-terredesienne.fr\/wp-content\/uploads\/2026\/01\/Gemini_Generated_Image_7ayq3v7ayq3v7ayq-1-435x435.png 435w\" sizes=\"(max-width: 1024px) 100vw, 1024px\" \/><\/figure><div class=\"wp-block-media-text__content\">\n<p class=\"has-text-align-center has-vivid-red-color has-text-color has-link-color has-medium-font-size wp-elements-d4fe9c501eb908ae21485d4e2c9b2dbf\" style=\"font-style:normal;font-weight:200;letter-spacing:10px\"><strong>STAGE WABI-SABI<\/strong><\/p>\n\n\n\n<p class=\"has-text-align-center has-vivid-red-color has-text-color has-link-color has-medium-font-size wp-elements-aa86c900e495fdf0d916355162654a29\" style=\"font-style:normal;font-weight:200;letter-spacing:10px\">L&rsquo;art de l&rsquo;imperfection<\/p>\n\n\n\n<p><strong>L&rsquo;Art du \u00ab\u00a0Moins pour Plus\u00a0\u00bb<\/strong> Inspir\u00e9 par la philosophie <em>Wabi-Sabi<\/em>, ce stage vous invite \u00e0 devenir un \u00ab\u00a0cuisinier de la peinture\u00a0\u00bb. Nous travaillerons avec une palette r\u00e9duite pour concevoir un tableau qui s&rsquo;int\u00e8gre parfaitement dans un int\u00e9rieur moderne et apaisant.<\/p>\n<\/div><\/div>\n\n\n\n<p class=\"has-medium-font-size\"><strong>SAMEDI 23 ET DIMANCHE 24 MAI <\/strong><br>&#8211;  <strong>Composition Minimaliste :<\/strong> \u00c9quilibrer le plein et le vide pour un r\u00e9sultat chic et \u00e9pur\u00e9. <br>&#8211; <strong>Pr\u00e9paration de la mati\u00e8re :<\/strong> Cr\u00e9er vos propres enduits (cas\u00e9ine, sable, poudre de marbre) pour obtenir des textures denses et organiques.<br>&#8211; <strong>Le Geste Brut :<\/strong> Ma\u00eetriser le travail au couteau pour sculpter l&rsquo;ombre et la lumi\u00e8re. <br>&#8211; <strong>L&rsquo;Art du Retrait :<\/strong> Apprendre \u00e0 gratter, poncer et effacer pour r\u00e9v\u00e9ler des strates cach\u00e9es et cr\u00e9er une profondeur unique.<br><br><em>190\u20ac les deux jours \/ Fournitures et mat\u00e9riel compri<\/em>s \/ Inscription en duo = 350\u20ac<\/p>\n\n\n\n<hr class=\"wp-block-separator has-alpha-channel-opacity\"\/>\n\n\n\n<div class=\"wp-block-media-text is-stacked-on-mobile\"><figure class=\"wp-block-media-text__media\"><img loading=\"lazy\" decoding=\"async\" width=\"579\" height=\"1024\" src=\"https:\/\/atelier-terredesienne.fr\/wp-content\/uploads\/2021\/09\/IMG_20200207_161340-579x1024.jpg\" alt=\"\" class=\"wp-image-2671 size-full\" srcset=\"https:\/\/atelier-terredesienne.fr\/wp-content\/uploads\/2021\/09\/IMG_20200207_161340-579x1024.jpg 579w, https:\/\/atelier-terredesienne.fr\/wp-content\/uploads\/2021\/09\/IMG_20200207_161340-170x300.jpg 170w, https:\/\/atelier-terredesienne.fr\/wp-content\/uploads\/2021\/09\/IMG_20200207_161340.jpg 678w\" sizes=\"(max-width: 579px) 100vw, 579px\" \/><\/figure><div class=\"wp-block-media-text__content\">\n<p class=\"has-text-align-center has-text-color has-link-color has-medium-font-size wp-elements-27a220fa80a02bc9de8341e50ef87a67\" style=\"color:#a40f0f;font-style:normal;font-weight:200;letter-spacing:10px\"><strong>STAGE PROJET LIBRE<\/strong><\/p>\n\n\n\n<p class=\"has-text-align-left has-black-color has-text-color has-link-color has-medium-font-size wp-elements-3ea1a91d2cd3a4b026e5d56c5a41898f\" style=\"letter-spacing:0px\"><strong>VENDREDI 10 AVRIL<\/strong><\/p>\n\n\n\n<p class=\"has-text-align-left has-black-color has-text-color has-link-color has-medium-font-size wp-elements-13243ae07338e61c8ad7b0fe4a6132d4\" style=\"letter-spacing:0px\"><br>Vous souhaitez acqu\u00e9rir une technique, ex\u00e9cuter une reproduction ou tout simplement vous faire plaisir\u2026?<br>Cet atelier vous permettra de mener \u00e0 bien votre projet personnel gr\u00e2ce \u00e0 un accompagnement individuel !<br>Adultes, enfants \u00e0 partir de 6 ans, limit\u00e9 \u00e0 6 personnes<br>1\/2 journ\u00e9e : 45\u20ac, 9h30 \u00e0 12h30 et\/ou 13h30 \u00e0 16h30<\/p>\n<\/div><\/div>\n\n\n\n<p class=\"has-medium-font-size\"><\/p>\n\n\n\n<hr class=\"wp-block-separator has-alpha-channel-opacity\"\/>\n\n\n\n<div class=\"wp-block-media-text is-stacked-on-mobile\" style=\"grid-template-columns:47% auto\"><figure class=\"wp-block-media-text__media\"><img loading=\"lazy\" decoding=\"async\" width=\"1024\" height=\"768\" src=\"https:\/\/atelier-terredesienne.fr\/wp-content\/uploads\/2024\/08\/IMG_2042-1024x768.jpg\" alt=\"\" class=\"wp-image-3489 size-full\" srcset=\"https:\/\/atelier-terredesienne.fr\/wp-content\/uploads\/2024\/08\/IMG_2042-1024x768.jpg 1024w, https:\/\/atelier-terredesienne.fr\/wp-content\/uploads\/2024\/08\/IMG_2042-300x225.jpg 300w, https:\/\/atelier-terredesienne.fr\/wp-content\/uploads\/2024\/08\/IMG_2042-768x576.jpg 768w, https:\/\/atelier-terredesienne.fr\/wp-content\/uploads\/2024\/08\/IMG_2042.jpg 1200w\" sizes=\"(max-width: 1024px) 100vw, 1024px\" \/><\/figure><div class=\"wp-block-media-text__content\">\n<p class=\"has-text-align-center has-vivid-red-color has-text-color has-link-color has-medium-font-size wp-elements-2679430e6bfa534ab5f8f2fd8abe56ba\" style=\"font-style:normal;font-weight:200;letter-spacing:10px\">STAGE<\/p>\n\n\n\n<p class=\"has-text-align-center has-vivid-red-color has-text-color has-link-color has-medium-font-size wp-elements-a61e6d8cb51ae70d2a1a1b3eee23bc46\" style=\"font-style:normal;font-weight:200;letter-spacing:10px\"><strong>CARNET DE VOYAGE<\/strong><\/p>\n\n\n\n<p class=\"has-text-align-center has-medium-font-size\">DU 14 AU 18 JUILLET <br>ET DU 3 AU 5 AOUT 2026<\/p>\n<\/div><\/div>\n\n\n\n<p class=\"has-medium-font-size\">Partez \u00e0 la d\u00e9couverte des p\u00e9pites cach\u00e9es de notre r\u00e9gion et apprenez \u00e0 capturer l&rsquo;instant.<\/p>\n\n\n\n<p class=\"has-medium-font-size\">Ce stage vous enseigne \u00e0 \u00ab dessiner comme on prend des notes \u00bb : des proportions \u00e0 la force du trait jusqu\u2019\u00e0 la ma\u00eetrise de l\u2019aquarelle (valeurs, palette chromatique). Entre techniques de dessin et ateliers cr\u00e9atifs (collage, transfert, techniques mixtes), venez cr\u00e9er un carnet unique qui vous ressemble.<\/p>\n\n\n\n<p><em>Groupe limit\u00e9 \u00e0 7 personnes \/ Inscription possible <strong>\u00e0 partir de 3 jours<\/strong><br>3 jours : 220\u20ac \/ 4 jours : 280\u20ac<\/em> \/ 5 jours : 320\u20ac<\/p>\n\n\n\n<figure class=\"wp-block-embed is-type-video is-provider-youtube wp-block-embed-youtube wp-embed-aspect-16-9 wp-has-aspect-ratio\"><div class=\"wp-block-embed__wrapper\">\n<iframe loading=\"lazy\" title=\"Stage carnet de voyage\" width=\"1020\" height=\"574\" src=\"https:\/\/www.youtube.com\/embed\/cZpdhzcrEoY?feature=oembed\" frameborder=\"0\" allow=\"accelerometer; autoplay; clipboard-write; encrypted-media; gyroscope; picture-in-picture; web-share\" referrerpolicy=\"strict-origin-when-cross-origin\" allowfullscreen><\/iframe>\n<\/div><\/figure>\n\n\n\n<p><\/p>\n\n\n\n<hr class=\"wp-block-separator has-alpha-channel-opacity\"\/>\n\n\n\n<h2 class=\"wp-block-heading has-text-align-center has-vivid-red-color has-text-color has-link-color has-large-font-size wp-elements-6ca7b40b4abe8bb5055df1d42abc8c4d\" style=\"font-style:normal;font-weight:200\">FORMATIONS DE GROUPE SUR MESURE<\/h2>\n\n\n\n<p><strong>&#8211; Professionnel :<\/strong> que vous soyez un CE, une association, un centre de vacances, une entreprise, un \u00e9tablissement scolaire, un mus\u00e9e&#8230;<br><em>Un rendez-vous pr\u00e9alable est organis\u00e9 pour d\u00e9finir vos besoins selon votre public et votre environnement. Pour plus de renseignement sur le contenu et le tarif de la prestation, merci de formuler une demande en suivant l&rsquo;onglet en bas de page.<\/em><br><strong> &#8211; Particulier : <\/strong>constituez votre propre groupe de travail : amis, familles, coll\u00e8gues ! <br><\/p>\n\n\n\n<h2 class=\"wp-block-heading has-text-align-center has-vivid-red-color has-text-color has-link-color has-large-font-size wp-elements-901cd3b2ea65b241a22cb50d2b0a7150\" style=\"font-style:normal;font-weight:200\">QUELQUES EXEMPLES DE FORMATIONS DEJA R\u00c9ALIS\u00c9ES<\/h2>\n\n\n\n<div class=\"wp-block-cover\"><span aria-hidden=\"true\" class=\"wp-block-cover__background has-background-dim\"><\/span><img loading=\"lazy\" decoding=\"async\" width=\"1024\" height=\"1007\" class=\"wp-block-cover__image-background wp-image-3338\" alt=\"\" src=\"https:\/\/atelier-terredesienne.fr\/wp-content\/uploads\/2024\/08\/IMG_2202-1024x1007.jpg\" data-object-fit=\"cover\" srcset=\"https:\/\/atelier-terredesienne.fr\/wp-content\/uploads\/2024\/08\/IMG_2202-1024x1007.jpg 1024w, https:\/\/atelier-terredesienne.fr\/wp-content\/uploads\/2024\/08\/IMG_2202-300x295.jpg 300w, https:\/\/atelier-terredesienne.fr\/wp-content\/uploads\/2024\/08\/IMG_2202-768x756.jpg 768w, https:\/\/atelier-terredesienne.fr\/wp-content\/uploads\/2024\/08\/IMG_2202-1536x1511.jpg 1536w, https:\/\/atelier-terredesienne.fr\/wp-content\/uploads\/2024\/08\/IMG_2202-2048x2015.jpg 2048w\" sizes=\"(max-width: 1024px) 100vw, 1024px\" \/><div class=\"wp-block-cover__inner-container is-layout-flow wp-block-cover-is-layout-flow\">\n<p class=\"has-text-align-center has-white-color has-luminous-vivid-amber-background-color has-text-color has-background has-link-color wp-elements-307797facf7fdab5fa9bad4e8119c8de\" style=\"font-size:22px\"><strong>TABLEAU EN MATI\u00c9RE <\/strong> <strong>\/ PEINTURES NATURELLES<\/strong><br>Stage \u00e0 la demande<\/p>\n\n\n\n<p class=\"has-medium-font-size\">Programme :<\/p>\n\n\n\n<ul class=\"wp-block-list\">\n<li class=\"has-medium-font-size\"><strong>Introduction aux mat\u00e9riaux naturels : chaux, argiles, temp\u00e9ra, charges&#8230;<\/strong><\/li>\n\n\n\n<li class=\"has-medium-font-size\"><strong>Fabrication d&rsquo;enduits et peintures naturelles : liant-charge-diluant<\/strong><\/li>\n\n\n\n<li class=\"has-medium-font-size\"><strong>Exploration des techniques d&rsquo;application : pinceaux, \u00e9ponges, chiffons<\/strong><\/li>\n\n\n\n<li class=\"has-medium-font-size\"><strong>Conception et r\u00e9alisation d&rsquo;une \u0153uvre artistique individuelle<\/strong><\/li>\n\n\n\n<li class=\"has-medium-font-size\"><strong>Exploration des techniques de finition<\/strong><\/li>\n<\/ul>\n\n\n\n<p><em>270\u20ac\/3 jours Fourniture comprise<\/em><\/p>\n\n\n\n<p><em>Limit\u00e9 \u00e0 6 personnes \/ Enfants + de 10ans &#8211; Ados &#8211; Adultes<\/em><\/p>\n\n\n\n<div class=\"wp-block-buttons is-layout-flex wp-block-buttons-is-layout-flex\">\n\n\n<div class=\"wp-block-button\"><a class=\"wp-block-button__link wp-element-button\"><mark style=\"background-color:rgba(0, 0, 0, 0)\" class=\"has-inline-color has-white-color\">FORMATION SUR DEMANDE<\/mark><\/a><\/div>\n<\/div>\n<\/div><\/div>\n\n\n\n<hr class=\"wp-block-separator has-alpha-channel-opacity\"\/>\n\n\n\n<div class=\"wp-block-cover\"><span aria-hidden=\"true\" class=\"wp-block-cover__background has-background-dim\"><\/span><img loading=\"lazy\" decoding=\"async\" width=\"867\" height=\"1024\" class=\"wp-block-cover__image-background wp-image-3791\" alt=\"\" src=\"https:\/\/atelier-terredesienne.fr\/wp-content\/uploads\/2024\/09\/433902737_974212248038453_8008781392258134218_n-e1725441988949-867x1024.jpg\" data-object-fit=\"cover\" srcset=\"https:\/\/atelier-terredesienne.fr\/wp-content\/uploads\/2024\/09\/433902737_974212248038453_8008781392258134218_n-e1725441988949-867x1024.jpg 867w, https:\/\/atelier-terredesienne.fr\/wp-content\/uploads\/2024\/09\/433902737_974212248038453_8008781392258134218_n-e1725441988949-254x300.jpg 254w, https:\/\/atelier-terredesienne.fr\/wp-content\/uploads\/2024\/09\/433902737_974212248038453_8008781392258134218_n-e1725441988949-768x908.jpg 768w, https:\/\/atelier-terredesienne.fr\/wp-content\/uploads\/2024\/09\/433902737_974212248038453_8008781392258134218_n-e1725441988949-1300x1536.jpg 1300w, https:\/\/atelier-terredesienne.fr\/wp-content\/uploads\/2024\/09\/433902737_974212248038453_8008781392258134218_n-e1725441988949.jpg 1447w\" sizes=\"(max-width: 867px) 100vw, 867px\" \/><div class=\"wp-block-cover__inner-container is-layout-flow wp-block-cover-is-layout-flow\">\n<p class=\"has-text-align-center has-white-color has-luminous-vivid-amber-background-color has-text-color has-background has-link-color wp-elements-72004eef01cca717885feb11087db820\" style=\"font-size:25px\"><strong>AQUARELLE<\/strong> <br>Stage \u00e0 la demande<\/p>\n\n\n\n<p>Programme :<\/p>\n\n\n\n<ul class=\"wp-block-list\">\n<li class=\"has-medium-font-size\"><strong>Comprendre la technique de l&rsquo;aquarelle : proc\u00e9d\u00e9, mat\u00e9riel, support&#8230;<\/strong><\/li>\n\n\n\n<li class=\"has-medium-font-size\"><strong>Explorer les effets de transparence et de superposition.<\/strong><\/li>\n\n\n\n<li class=\"has-medium-font-size\"><strong>Utiliser la technique du \u00ab mouill\u00e9 sur mouill\u00e9 \u00bb.<\/strong><\/li>\n\n\n\n<li class=\"has-medium-font-size\"><strong>Utiliser la technique de la r\u00e9serve.<\/strong><\/li>\n\n\n\n<li class=\"has-medium-font-size\"><strong>Inclure des \u00e9l\u00e9ments ( collage, empreintes, textures&#8230;)<\/strong><\/li>\n\n\n\n<li class=\"has-medium-font-size\"><strong>D\u00e9brider sa cr\u00e9ativit\u00e9<\/strong><\/li>\n\n\n\n<li><\/li>\n<\/ul>\n\n\n\n<div class=\"wp-block-buttons is-layout-flex wp-block-buttons-is-layout-flex\">\n<div class=\"wp-block-button\"><a class=\"wp-block-button__link wp-element-button\"><mark style=\"background-color:rgba(0, 0, 0, 0)\" class=\"has-inline-color has-white-color\">FORMATION SUR DEMANDE<\/mark><\/a><\/div>\n<\/div>\n<\/div><\/div>\n\n\n\n<hr class=\"wp-block-separator has-alpha-channel-opacity\"\/>\n\n\n\n<div class=\"wp-block-cover\" style=\"min-height:536px;aspect-ratio:unset;\"><span aria-hidden=\"true\" class=\"wp-block-cover__background has-background-dim\"><\/span><img loading=\"lazy\" decoding=\"async\" width=\"768\" height=\"1024\" class=\"wp-block-cover__image-background wp-image-3890\" alt=\"\" src=\"https:\/\/atelier-terredesienne.fr\/wp-content\/uploads\/2024\/09\/formation-fresuqe-a-fresco-Agnes-Deshors-768x1024.jpg\" data-object-fit=\"cover\" srcset=\"https:\/\/atelier-terredesienne.fr\/wp-content\/uploads\/2024\/09\/formation-fresuqe-a-fresco-Agnes-Deshors-768x1024.jpg 768w, https:\/\/atelier-terredesienne.fr\/wp-content\/uploads\/2024\/09\/formation-fresuqe-a-fresco-Agnes-Deshors-225x300.jpg 225w, https:\/\/atelier-terredesienne.fr\/wp-content\/uploads\/2024\/09\/formation-fresuqe-a-fresco-Agnes-Deshors.jpg 1125w\" sizes=\"(max-width: 768px) 100vw, 768px\" \/><div class=\"wp-block-cover__inner-container is-layout-flow wp-block-cover-is-layout-flow\">\n<p class=\"has-text-align-center has-white-color has-luminous-vivid-amber-background-color has-text-color has-background has-link-color wp-elements-47df1d8b437c82ca41132c4e63c980ec\" style=\"font-size:23px\"><strong>FRESQUE \u00ab\u00a0A FRESCO\u00a0\u00bb<\/strong><br>Stage \u00e0 la demande<\/p>\n\n\n\n<p class=\"has-medium-font-size\"><strong>Programme :<\/strong><\/p>\n\n\n\n<ul class=\"wp-block-list\">\n<li class=\"has-medium-font-size\"><strong>Pr\u00e9sentation de la technique de la fresque<\/strong><\/li>\n\n\n\n<li class=\"has-medium-font-size\"><strong>Pr\u00e9paration du support<\/strong><\/li>\n\n\n\n<li class=\"has-medium-font-size\"><strong>Composition des diff\u00e9rents mortiers (Gobetis-Arriccio-Intonaco)<\/strong><\/li>\n\n\n\n<li class=\"has-medium-font-size\"><strong>Technique du Poncif<\/strong><\/li>\n\n\n\n<li class=\"has-medium-font-size\"><strong>Technique d&rsquo;ex\u00e9cution de la peinture et cr\u00e9ation d&rsquo;une petite fresque<\/strong><\/li>\n\n\n\n<li class=\"has-medium-font-size\"><strong>Troisi\u00e8me journ\u00e9e ind\u00e9pendante consacr\u00e9e au sgrafitto<\/strong><\/li>\n<\/ul>\n\n\n\n<p><em>2 jours : 185\u20ac fournitures compris<\/em>es<br><em>Limit\u00e9 \u00e0 6 personnes \/ Ados-Adultes<\/em><\/p>\n\n\n\n<div class=\"wp-block-buttons is-layout-flex wp-block-buttons-is-layout-flex\">\n\n\n<div class=\"wp-block-button\"><a class=\"wp-block-button__link wp-element-button\"><mark style=\"background-color:rgba(0, 0, 0, 0)\" class=\"has-inline-color has-white-color\">FORMATION SUR DEMANDE<\/mark><\/a><\/div>\n<\/div>\n<\/div><\/div>\n\n\n\n<div class=\"wp-block-cover\"><span aria-hidden=\"true\" class=\"wp-block-cover__background has-background-dim\"><\/span><img loading=\"lazy\" decoding=\"async\" width=\"827\" height=\"1024\" class=\"wp-block-cover__image-background wp-image-3815\" alt=\"\" src=\"https:\/\/atelier-terredesienne.fr\/wp-content\/uploads\/2024\/09\/demonstration.jpg\" data-object-fit=\"cover\" srcset=\"https:\/\/atelier-terredesienne.fr\/wp-content\/uploads\/2024\/09\/demonstration.jpg 827w, https:\/\/atelier-terredesienne.fr\/wp-content\/uploads\/2024\/09\/demonstration-242x300.jpg 242w, https:\/\/atelier-terredesienne.fr\/wp-content\/uploads\/2024\/09\/demonstration-768x951.jpg 768w\" sizes=\"(max-width: 827px) 100vw, 827px\" \/><div class=\"wp-block-cover__inner-container is-layout-flow wp-block-cover-is-layout-flow\">\n<p class=\"has-text-align-center has-white-color has-luminous-vivid-amber-background-color has-text-color has-background has-link-color wp-elements-9ccc10faacaeba815e86ed4252a3cf8e\" style=\"font-size:21px\"><strong>PEINTURE  \u00c0 L&rsquo;ENCAUSTIQUE<\/strong><br>Stage \u00e0 la demande<\/p>\n\n\n\n<p class=\"has-medium-font-size\"><strong>Programme :<\/strong><\/p>\n\n\n\n<ul class=\"wp-block-list\">\n<li class=\"has-medium-font-size\"><strong>Apprendre \u00e0 pr\u00e9parer le m\u00e9dium encaustique<\/strong><\/li>\n\n\n\n<li class=\"has-medium-font-size\"><strong>D\u00e9couvrir les possibilit\u00e9s de superposition, de fusion et de gravure<\/strong><\/li>\n\n\n\n<li class=\"has-medium-font-size\"><strong>Apprendre \u00e0 cr\u00e9er des effets de texture et de profondeur<\/strong><\/li>\n\n\n\n<li class=\"has-medium-font-size\"><strong>Exp\u00e9rimentation et prise de risque artistique<\/strong><\/li>\n\n\n\n<li class=\"has-medium-font-size\"><strong>Cr\u00e9ation d&rsquo;une \u0153uvre personnelle<\/strong><\/li>\n<\/ul>\n\n\n\n<p><em>Deux jours : 220\u20ac fournitures, support et mat\u00e9riel compris<\/em><br><em>Limit\u00e9 \u00e0 6 personnes \/ Ados-Adultes<\/em><\/p>\n\n\n\n<div class=\"wp-block-buttons is-layout-flex wp-block-buttons-is-layout-flex\">\n\n\n<div class=\"wp-block-button\"><a class=\"wp-block-button__link wp-element-button\"><mark style=\"background-color:rgba(0, 0, 0, 0)\" class=\"has-inline-color has-white-color\">FORMATION SUR DEMANDE<\/mark><\/a><\/div>\n<\/div>\n<\/div><\/div>\n\n\n\n<div class=\"wp-block-buttons is-content-justification-center is-layout-flex wp-container-core-buttons-is-layout-5 wp-block-buttons-is-layout-flex\" style=\"font-style:normal;font-weight:500\">\n<div class=\"wp-block-button is-style-outline is-style-outline--398492d6685a60be90f89c0a0dbc155d\"><a class=\"wp-block-button__link wp-element-button\" href=\"https:\/\/atelier-terredesienne.fr\/index.php\/contact\/\" target=\"_blank\" rel=\"noreferrer noopener\">Demande de renseignements<\/a><\/div>\n<\/div>\n\n\n\n<hr class=\"wp-block-separator has-alpha-channel-opacity\"\/>\n\n\n\n<p><\/p>\n","protected":false},"excerpt":{"rendered":"<p>Formatrice depuis la cr\u00e9ation de l&rsquo;atelier en 2017, Agn\u00e8s Deshors propose une p\u00e9dagogie progressive en s&rsquo;adaptant aux souhaits et capacit\u00e9s de chacun. Son objectif : transmettre une technique tout en favorisant l&rsquo;expression singuli\u00e8re de chacun ! Son exp\u00e9rience dans le domaine de la p\u00e9dagogie s&rsquo;\u00e9tend de l&rsquo;encadrement de cours individuel \u00e0 l&rsquo;animation de groupe aupr\u00e8s &hellip; <\/p>\n","protected":false},"author":1,"featured_media":0,"parent":532,"menu_order":20,"comment_status":"closed","ping_status":"closed","template":"","meta":{"_monsterinsights_skip_tracking":false,"_monsterinsights_sitenote_active":false,"_monsterinsights_sitenote_note":"","_monsterinsights_sitenote_category":0,"footnotes":""},"class_list":["post-68","page","type-page","status-publish","hentry"],"aioseo_notices":[],"_links":{"self":[{"href":"https:\/\/atelier-terredesienne.fr\/index.php\/wp-json\/wp\/v2\/pages\/68"}],"collection":[{"href":"https:\/\/atelier-terredesienne.fr\/index.php\/wp-json\/wp\/v2\/pages"}],"about":[{"href":"https:\/\/atelier-terredesienne.fr\/index.php\/wp-json\/wp\/v2\/types\/page"}],"author":[{"embeddable":true,"href":"https:\/\/atelier-terredesienne.fr\/index.php\/wp-json\/wp\/v2\/users\/1"}],"replies":[{"embeddable":true,"href":"https:\/\/atelier-terredesienne.fr\/index.php\/wp-json\/wp\/v2\/comments?post=68"}],"version-history":[{"count":161,"href":"https:\/\/atelier-terredesienne.fr\/index.php\/wp-json\/wp\/v2\/pages\/68\/revisions"}],"predecessor-version":[{"id":4284,"href":"https:\/\/atelier-terredesienne.fr\/index.php\/wp-json\/wp\/v2\/pages\/68\/revisions\/4284"}],"up":[{"embeddable":true,"href":"https:\/\/atelier-terredesienne.fr\/index.php\/wp-json\/wp\/v2\/pages\/532"}],"wp:attachment":[{"href":"https:\/\/atelier-terredesienne.fr\/index.php\/wp-json\/wp\/v2\/media?parent=68"}],"curies":[{"name":"wp","href":"https:\/\/api.w.org\/{rel}","templated":true}]}}